{"id":82412,"date":"2019-12-06T13:34:14","date_gmt":"2019-12-06T18:34:14","guid":{"rendered":"https:\/\/www.maighan.com\/?page_id=82412"},"modified":"2020-03-30T15:08:54","modified_gmt":"2020-03-30T19:08:54","slug":"termes","status":"publish","type":"page","link":"https:\/\/www.maighan.com\/fr\/termes\/","title":{"rendered":"Termes et Conditions"},"content":{"rendered":"<div class=\"wpb-content-wrapper\"><p>[vc_row row_height_percent=\u00a0\u00bb0&Prime; back_color=\u00a0\u00bbcolor-xsdn\u00a0\u00bb overlay_alpha=\u00a0\u00bb50&Prime; gutter_size=\u00a0\u00bb3&Prime; column_width_percent=\u00a0\u00bb100&Prime; shift_y=\u00a0\u00bb0&Prime; z_index=\u00a0\u00bb0&Prime;][vc_column width=\u00a0\u00bb1\/6&Prime;][\/vc_column][vc_column width=\u00a0\u00bb4\/6&Prime;][vc_empty_space empty_h=\u00a0\u00bb2&Prime;][vc_custom_heading text_font=\u00a0\u00bbfont-762333&Prime; text_size=\u00a0\u00bbbigtext\u00a0\u00bb text_weight=\u00a0\u00bb900&Prime; text_transform=\u00a0\u00bbuppercase\u00a0\u00bb text_color=\u00a0\u00bbcolor-prif\u00a0\u00bb]Termes et Conditions[\/vc_custom_heading][vc_empty_space empty_h=\u00a0\u00bb2&Prime;][vc_custom_heading text_font=\u00a0\u00bbfont-762333&Prime; text_size=\u00a0\u00bbh3&Prime; text_weight=\u00a0\u00bb900&Prime; text_transform=\u00a0\u00bbuppercase\u00a0\u00bb text_color=\u00a0\u00bbcolor-prif\u00a0\u00bb]TERMES ET CONDITIONS DE MENTORA INC.[\/vc_custom_heading][vc_custom_heading text_font=\u00a0\u00bbfont-762333&Prime; text_size=\u00a0\u00bbh5&Prime; text_weight=\u00a0\u00bb300&Prime; text_color=\u00a0\u00bbcolor-prif\u00a0\u00bb sub_lead=\u00a0\u00bbyes\u00a0\u00bb sub_reduced=\u00a0\u00bbyes\u00a0\u00bb]Derni\u00e8re mise \u00e0 jour : 1er Mars 2020<\/p>\n<p>&nbsp;<\/p>\n<p>Veuillez lire attentivement ces Conditions G\u00e9n\u00e9rales (\u00ab Conditions \u00bb, \u00ab Conditions et Conditions \u00bb) avant d\u2019utiliser le site Web https:\/\/maighan.com\/ (le \u00ab Service \u00bb) exploit\u00e9 par Mentora Inc. (\u00ab nous \u00bb, \u00ab nous \u00bb ou \u00ab notre \u00bb).<\/p>\n<p>&nbsp;<\/p>\n<p>Votre acc\u00e8s et votre utilisation du Service sont conditionn\u00e9s par votre acceptation et votre conformit\u00e9 \u00e0 ces conditions. Ces conditions s\u2019appliquent \u00e0 tous les visiteurs, utilisateurs et autres personnes qui souhaitent acc\u00e9der au Service ou l\u2019utiliser.<\/p>\n<p>&nbsp;<\/p>\n<p>En acc\u00e9dant ou en utilisant le Service, vous acceptez d\u2019\u00eatre li\u00e9 par ces Conditions. Si vous n\u2019\u00eates pas d\u2019accord avec une partie quelconque des termes, vous n\u2019avez pas la permission d\u2019acc\u00e9der au Service.[\/vc_custom_heading][vc_custom_heading text_font=\u00a0\u00bbfont-762333&Prime; text_size=\u00a0\u00bbh3&Prime; text_weight=\u00a0\u00bb900&Prime; text_transform=\u00a0\u00bbuppercase\u00a0\u00bb text_color=\u00a0\u00bbcolor-prif\u00a0\u00bb]ACHATS[\/vc_custom_heading][vc_custom_heading text_font=\u00a0\u00bbfont-762333&Prime; text_size=\u00a0\u00bbh5&Prime; text_weight=\u00a0\u00bb300&Prime; text_color=\u00a0\u00bbcolor-prif\u00a0\u00bb sub_lead=\u00a0\u00bbyes\u00a0\u00bb sub_reduced=\u00a0\u00bbyes\u00a0\u00bb]Si vous souhaitez acheter un produit ou un service mis \u00e0 disposition par l\u2019interm\u00e9diaire du Service (\u00ab Achat \u00bb), il se peut qu\u2019on vous demande de fournir certaines informations pertinentes \u00e0 votre achat, y compris sans s\u2019y limitation, votre num\u00e9ro de carte de cr\u00e9dit, la date d\u2019expiration de votre carte de cr\u00e9dit, votre adresse de facturation et vos informations d\u2019exp\u00e9dition.<\/p>\n<p>&nbsp;<\/p>\n<p>Vous repr\u00e9sentez et garantissez que : (i) vous avez le droit l\u00e9gal d\u2019utiliser n\u2019importe quelle carte de cr\u00e9dit ou toute autre m\u00e9thode de paiement que vous utilisez dans le cadre d\u2019un achat sur ce site ; et que (ii) l\u2019information que vous nous fournissez est v\u00e9ridique, correcte et compl\u00e8te.<\/p>\n<p>&nbsp;<\/p>\n<p>Le service peut utiliser des services tiers dans le but de faciliter le paiement et la compl\u00e9tion des achats. En soumettant vos informations, vous nous accordez le droit de fournir ces informations \u00e0 ces tiers soumis \u00e0 notre Politique de Confidentialit\u00e9.<\/p>\n<p>&nbsp;<\/p>\n<p>Nous nous r\u00e9servons le droit de refuser ou d\u2019annuler votre commande \u00e0 tout moment pour des raisons, y compris mais sans s\u2019y limiter, la disponibilit\u00e9 du produit ou du service, les erreurs dans la description ou le prix du produit ou du service, des erreurs dans votre commande ou d\u2019autres raisons.<\/p>\n<p>&nbsp;<\/p>\n<p>Nous nous r\u00e9servons le droit de refuser ou d\u2019annuler votre commande si une fraude ou une transaction non autoris\u00e9e ou ill\u00e9gale est soup\u00e7onn\u00e9e.[\/vc_custom_heading][vc_custom_heading text_font=\u00a0\u00bbfont-762333&Prime; text_size=\u00a0\u00bbh3&Prime; text_weight=\u00a0\u00bb900&Prime; text_transform=\u00a0\u00bbuppercase\u00a0\u00bb text_color=\u00a0\u00bbcolor-prif\u00a0\u00bb]DISPONIBILIT\u00c9, ERREURS ET INEXACTITUDES[\/vc_custom_heading][vc_custom_heading text_font=\u00a0\u00bbfont-762333&Prime; text_size=\u00a0\u00bbh5&Prime; text_weight=\u00a0\u00bb300&Prime; text_color=\u00a0\u00bbcolor-prif\u00a0\u00bb sub_lead=\u00a0\u00bbyes\u00a0\u00bb sub_reduced=\u00a0\u00bbyes\u00a0\u00bb]Nous mettons constamment \u00e0 jour les offres de produits et de services sur le Service. Nous pouvons rencontrer des retards dans la mise \u00e0 jour de l\u2019information sur le Service et dans notre publicit\u00e9 sur d\u2019autres sites Web.<\/p>\n<p>&nbsp;<\/p>\n<p>Les renseignements trouv\u00e9s sur le Service peuvent contenir des erreurs ou des inexactitudes et ne pas \u00eatre complets ou \u00e0 jour. Les produits ou services peuvent \u00eatre mal imprim\u00e9s, d\u00e9crits de fa\u00e7on inexacte ou indisponibles sur le Service et nous ne pouvons garantir l\u2019exactitude ou l\u2019exhaustivit\u00e9 des renseignements trouv\u00e9s sur le Service.<\/p>\n<p>&nbsp;<\/p>\n<p>Nous nous r\u00e9servons donc le droit de modifier ou de mettre \u00e0 jour l\u2019information et de corriger les erreurs, les inexactitudes ou les omissions \u00e0 tout moment sans pr\u00e9avis.[\/vc_custom_heading][vc_custom_heading text_font=\u00a0\u00bbfont-762333&Prime; text_size=\u00a0\u00bbh3&Prime; text_weight=\u00a0\u00bb900&Prime; text_transform=\u00a0\u00bbuppercase\u00a0\u00bb text_color=\u00a0\u00bbcolor-prif\u00a0\u00bb]CONCOURS, TIRAGES AU SORT ET PROMOTIONS[\/vc_custom_heading][vc_custom_heading text_font=\u00a0\u00bbfont-762333&Prime; text_size=\u00a0\u00bbh5&Prime; text_weight=\u00a0\u00bb300&Prime; text_color=\u00a0\u00bbcolor-prif\u00a0\u00bb sub_lead=\u00a0\u00bbyes\u00a0\u00bb sub_reduced=\u00a0\u00bbyes\u00a0\u00bb]Tous les concours, tirages au sort ou autres promotions (collectivement, \u00ab Promotions \u00bb) offerts par l\u2019interm\u00e9diaire du Service peuvent \u00eatre r\u00e9gis par des r\u00e8gles distinctes de ces Conditions g\u00e9n\u00e9rales. Si vous participez \u00e0 des promotions, veuillez consulter les r\u00e8gles applicables ainsi que notre politique de confidentialit\u00e9. Si les r\u00e8gles d\u2019une promotion entrent en conflit avec ces Conditions, les r\u00e8gles de Promotion s\u2019appliqueront.[\/vc_custom_heading][vc_custom_heading text_font=\u00a0\u00bbfont-762333&Prime; text_size=\u00a0\u00bbh3&Prime; text_weight=\u00a0\u00bb900&Prime; text_transform=\u00a0\u00bbuppercase\u00a0\u00bb text_color=\u00a0\u00bbcolor-prif\u00a0\u00bb]PROPRI\u00c9T\u00c9 INTELLECTUELLE[\/vc_custom_heading][vc_custom_heading text_font=\u00a0\u00bbfont-762333&Prime; text_size=\u00a0\u00bbh5&Prime; text_weight=\u00a0\u00bb300&Prime; text_color=\u00a0\u00bbcolor-prif\u00a0\u00bb sub_lead=\u00a0\u00bbyes\u00a0\u00bb sub_reduced=\u00a0\u00bbyes\u00a0\u00bb]Le Service et son contenu, ses fonctionnalit\u00e9s et ses fonctionnalit\u00e9s d\u2019origine sont et resteront la propri\u00e9t\u00e9 exclusive de Mentora Inc. et de ses conc\u00e9dants de licence. Le Service est prot\u00e9g\u00e9 par le droit d\u2019auteur, les marques de commerce et d\u2019autres lois du Canada et de pays \u00e9trangers. Nos marques de commerce et notre tenue de commerce ne peuvent \u00eatre utilis\u00e9es en relation avec un produit ou un service sans le consentement \u00e9crit pr\u00e9alable de Mentora Inc.[\/vc_custom_heading][vc_custom_heading text_font=\u00a0\u00bbfont-762333&Prime; text_size=\u00a0\u00bbh3&Prime; text_weight=\u00a0\u00bb900&Prime; text_transform=\u00a0\u00bbuppercase\u00a0\u00bb text_color=\u00a0\u00bbcolor-prif\u00a0\u00bb]LIENS VERS D\u2019AUTRES SITES WEB[\/vc_custom_heading][vc_custom_heading text_font=\u00a0\u00bbfont-762333&Prime; text_size=\u00a0\u00bbh5&Prime; text_weight=\u00a0\u00bb300&Prime; text_color=\u00a0\u00bbcolor-prif\u00a0\u00bb sub_lead=\u00a0\u00bbyes\u00a0\u00bb sub_reduced=\u00a0\u00bbyes\u00a0\u00bb]Notre service peut contenir des liens vers des sites Web ou des services tiers qui ne sont pas d\u00e9tenus ou contr\u00f4l\u00e9s par Mentora Inc. Mentora Inc. n\u2019a aucun contr\u00f4le sur le contenu, les politiques de confidentialit\u00e9 ou les pratiques de sites Web ou de services tiers et n\u2019assume aucune responsabilit\u00e9. Nous ne garantissons pas les offres de l\u2019une de ces entit\u00e9s\/individus ou de leurs sites Web.<\/p>\n<p>&nbsp;<\/p>\n<p>Vous reconnaissez et acceptez que Mentora Inc. ne soit pas responsable, directement ou indirectement, de tout dommage ou perte caus\u00e9 ou all\u00e9gu\u00e9 par ou en relation avec l\u2019utilisation ou la d\u00e9pendance \u00e0 l\u2019\u00e9gard de tels contenus, biens ou services disponibles sur ou par l\u2019interm\u00e9diaire de ces sites Web ou services tiers.<\/p>\n<p>&nbsp;<\/p>\n<p>Nous vous conseillons fortement de lire les termes et conditions et les politiques de confidentialit\u00e9 de tous les sites Web ou services tiers que vous visitez.[\/vc_custom_heading][vc_custom_heading text_font=\u00a0\u00bbfont-762333&Prime; text_size=\u00a0\u00bbh3&Prime; text_weight=\u00a0\u00bb900&Prime; text_transform=\u00a0\u00bbuppercase\u00a0\u00bb text_color=\u00a0\u00bbcolor-prif\u00a0\u00bb]R\u00c9SILIATION[\/vc_custom_heading][vc_custom_heading text_font=\u00a0\u00bbfont-762333&Prime; text_size=\u00a0\u00bbh5&Prime; text_weight=\u00a0\u00bb300&Prime; text_color=\u00a0\u00bbcolor-prif\u00a0\u00bb sub_lead=\u00a0\u00bbyes\u00a0\u00bb sub_reduced=\u00a0\u00bbyes\u00a0\u00bb]Nous pouvons mettre fin ou suspendre votre acc\u00e8s au Service imm\u00e9diatement, sans pr\u00e9avis ni responsabilit\u00e9, \u00e0 notre seul pouvoir discr\u00e9tionnaire, pour quelque raison que ce soit et sans limitation, y compris, mais sans s\u2019y limiter, une violation des Conditions.<\/p>\n<p>&nbsp;<\/p>\n<p>Toutes les dispositions des Conditions qui, par leur nature, devraient survivre \u00e0 la cessation d\u2019emploi survivent \u00e0 la r\u00e9siliation, y compris mais sans s\u2019y limiter, les dispositions relatives \u00e0 la propri\u00e9t\u00e9, les avertissements de garantie, l\u2019indemnit\u00e9 et les limites de responsabilit\u00e9.[\/vc_custom_heading][vc_custom_heading text_font=\u00a0\u00bbfont-762333&Prime; text_size=\u00a0\u00bbh3&Prime; text_weight=\u00a0\u00bb900&Prime; text_transform=\u00a0\u00bbuppercase\u00a0\u00bb text_color=\u00a0\u00bbcolor-prif\u00a0\u00bb]INDEMNISATION[\/vc_custom_heading][vc_custom_heading text_font=\u00a0\u00bbfont-762333&Prime; text_size=\u00a0\u00bbh5&Prime; text_weight=\u00a0\u00bb300&Prime; text_color=\u00a0\u00bbcolor-prif\u00a0\u00bb sub_lead=\u00a0\u00bbyes\u00a0\u00bb sub_reduced=\u00a0\u00bbyes\u00a0\u00bb]Vous acceptez de d\u00e9fendre, d\u2019indemniser et de tenir Mentora Inc. et ses titulaires de permis et de licence, ainsi que leurs employ\u00e9s, entrepreneurs, agents, dirigeants et administrateurs, non responsables de et contre toutes les r\u00e9clamations, dommages-int\u00e9r\u00eats, obligations, pertes, passifs, co\u00fbts ou dettes, et (y compris les honoraires d\u2019avocat), r\u00e9sultant d\u2019un a) votre utilisation et l\u2019acc\u00e8s du Service, ou b) une violation de ces Conditions.[\/vc_custom_heading][vc_custom_heading text_font=\u00a0\u00bbfont-762333&Prime; text_size=\u00a0\u00bbh3&Prime; text_weight=\u00a0\u00bb900&Prime; text_transform=\u00a0\u00bbuppercase\u00a0\u00bb text_color=\u00a0\u00bbcolor-prif\u00a0\u00bb]LIMITATION DE LA RESPONSABILIT\u00c9[\/vc_custom_heading][vc_custom_heading text_font=\u00a0\u00bbfont-762333&Prime; text_size=\u00a0\u00bbh5&Prime; text_weight=\u00a0\u00bb300&Prime; text_color=\u00a0\u00bbcolor-prif\u00a0\u00bb sub_lead=\u00a0\u00bbyes\u00a0\u00bb sub_reduced=\u00a0\u00bbyes\u00a0\u00bb]En aucun cas, Mentora Inc., ni ses administrateurs, employ\u00e9s, partenaires, agents, fournisseurs ou soci\u00e9t\u00e9s affili\u00e9es ne seront tenus responsables de tout dommage indirect, accessoire, sp\u00e9cial, cons\u00e9quent ou punitif, y compris sans limitation, perte de profits, donn\u00e9es, utilisation, ou d\u2019autres pertes incorporelles, r\u00e9sultant (i) de votre acc\u00e8s ou de votre incapacit\u00e9 d\u2019acc\u00e9der au Service ou de l\u2019utiliser; (ii) toute conduite ou contenu d\u2019un tiers sur le Service; (iii) tout contenu obtenu du Service; et (iv) l\u2019acc\u00e8s, l\u2019utilisation ou la modification non autoris\u00e9e s\u2019il y a eu acc\u00e8s, utilisation ou modification de vos transmissions ou de votre contenu, qu\u2019il s\u2019agisse d\u2019une garantie, d\u2019un contrat, d\u2019un d\u00e9lit (y compris de la n\u00e9gligence) ou de toute autre th\u00e9orie juridique, que nous ayons \u00e9t\u00e9 inform\u00e9s ou non de la possibilit\u00e9 d\u2019un tel dommage, et m\u00eame si une r\u00e9paration \u00e9nonc\u00e9e ici est av\u00e9r\u00e9 avoir \u00e9chou\u00e9 \u00e0 son but essentiel.[\/vc_custom_heading][vc_custom_heading text_font=\u00a0\u00bbfont-762333&Prime; text_size=\u00a0\u00bbh3&Prime; text_weight=\u00a0\u00bb900&Prime; text_transform=\u00a0\u00bbuppercase\u00a0\u00bb text_color=\u00a0\u00bbcolor-prif\u00a0\u00bb]AVERTISSEMENT[\/vc_custom_heading][vc_custom_heading text_font=\u00a0\u00bbfont-762333&Prime; text_size=\u00a0\u00bbh5&Prime; text_weight=\u00a0\u00bb300&Prime; text_color=\u00a0\u00bbcolor-prif\u00a0\u00bb sub_lead=\u00a0\u00bbyes\u00a0\u00bb sub_reduced=\u00a0\u00bbyes\u00a0\u00bb]Votre utilisation du Service est \u00e0 votre seul risque. Le Service est fourni sur la base du \u00ab TEL QUEL \u00bb et \u00ab SOUS RESERVE DE DISPONIBILIT\u00c9 \u00bb. Le Service est fourni sans garantie d\u2019aucune sorte, qu\u2019elle soit expresse ou implicite, y compris sans s\u2019y limiter, les garanties implicites de marchandabilit\u00e9, d\u2019aptitude \u00e0 un but particulier, de non-infraction ou de cours de performance.<\/p>\n<p>&nbsp;<\/p>\n<p>Mentora Inc. ses filiales, ses soci\u00e9t\u00e9s affili\u00e9es et ses conc\u00e9dants de licence ne garantissent pas que a) le Service fonctionnera sans interruption, s\u00e9curis\u00e9 ou disponible \u00e0 un moment ou \u00e0 un endroit donn\u00e9; b) les erreurs ou les d\u00e9fauts seront corrig\u00e9s; c) le Service est exempt de virus ou d\u2019autres composants nocifs; d) les r\u00e9sultats de l\u2019utilisation du Service r\u00e9pondront \u00e0 vos exigences.[\/vc_custom_heading][vc_custom_heading text_font=\u00a0\u00bbfont-762333&Prime; text_size=\u00a0\u00bbh3&Prime; text_weight=\u00a0\u00bb900&Prime; text_transform=\u00a0\u00bbuppercase\u00a0\u00bb text_color=\u00a0\u00bbcolor-prif\u00a0\u00bb]Exclusions[\/vc_custom_heading][vc_custom_heading text_font=\u00a0\u00bbfont-762333&Prime; text_size=\u00a0\u00bbh5&Prime; text_weight=\u00a0\u00bb300&Prime; text_color=\u00a0\u00bbcolor-prif\u00a0\u00bb sub_lead=\u00a0\u00bbyes\u00a0\u00bb sub_reduced=\u00a0\u00bbyes\u00a0\u00bb]Certaines juridictions n\u2019autorisent pas l\u2019exclusion de certaines garanties ou l\u2019exclusion ou la limitation de la responsabilit\u00e9 pour les dommages-int\u00e9r\u00eats cons\u00e9quents ou accessoires, de sorte que les limitations ci-dessus peuvent ne pas s\u2019appliquer \u00e0 vous.[\/vc_custom_heading][vc_custom_heading text_font=\u00a0\u00bbfont-762333&Prime; text_size=\u00a0\u00bbh3&Prime; text_weight=\u00a0\u00bb900&Prime; text_transform=\u00a0\u00bbuppercase\u00a0\u00bb text_color=\u00a0\u00bbcolor-prif\u00a0\u00bb]DROIT APPLICABLE[\/vc_custom_heading][vc_custom_heading text_font=\u00a0\u00bbfont-762333&Prime; text_size=\u00a0\u00bbh5&Prime; text_weight=\u00a0\u00bb300&Prime; text_color=\u00a0\u00bbcolor-prif\u00a0\u00bb sub_lead=\u00a0\u00bbyes\u00a0\u00bb sub_reduced=\u00a0\u00bbyes\u00a0\u00bb]Ces Conditions doivent \u00eatre r\u00e9gies et interpr\u00e9t\u00e9es conform\u00e9ment aux lois de Montr\u00e9al, du Qu\u00e9bec et du Canada, sans \u00e9gard \u00e0 leurs dispositions relatives aux conflits de droit.<\/p>\n<p>&nbsp;<\/p>\n<p>Notre d\u00e9faut d\u2019appliquer un droit ou une disposition de ces Conditions ne sera pas consid\u00e9r\u00e9 comme une renonciation \u00e0 ces droits. Si une disposition de ces Conditions est jug\u00e9e invalide ou inapplicable par un tribunal, les dispositions restantes de ces Conditions demeureront en vigueur. Ces Conditions constituent l\u2019ensemble de l\u2019entente entre nous concernant notre Service, et remplacent toutes les ententes ant\u00e9rieures que nous aurions pu avoir entre nous concernant le Service.[\/vc_custom_heading][vc_custom_heading text_font=\u00a0\u00bbfont-762333&Prime; text_size=\u00a0\u00bbh3&Prime; text_weight=\u00a0\u00bb900&Prime; text_transform=\u00a0\u00bbuppercase\u00a0\u00bb text_color=\u00a0\u00bbcolor-prif\u00a0\u00bb]CHANGEMENTS[\/vc_custom_heading][vc_custom_heading text_font=\u00a0\u00bbfont-762333&Prime; text_size=\u00a0\u00bbh5&Prime; text_weight=\u00a0\u00bb300&Prime; text_color=\u00a0\u00bbcolor-prif\u00a0\u00bb sub_lead=\u00a0\u00bbyes\u00a0\u00bb sub_reduced=\u00a0\u00bbyes\u00a0\u00bb]Nous nous r\u00e9servons le droit, \u00e0 notre seule discr\u00e9tion, de modifier ou de remplacer ces Conditions \u00e0 tout moment. Si une r\u00e9vision est importante, nous fournirons un pr\u00e9avis d\u2019au moins 10 jours avant l\u2019entr\u00e9e en vigueur de nouvelles conditions. Ce qui constitue un changement important sera d\u00e9termin\u00e9 \u00e0 notre seule discr\u00e9tion.<\/p>\n<p>&nbsp;<\/p>\n<p>En continuant d\u2019acc\u00e9der ou d\u2019utiliser notre Service apr\u00e8s l\u2019entr\u00e9e en vigueur de toute r\u00e9vision, vous acceptez d\u2019\u00eatre li\u00e9 par les termes r\u00e9vis\u00e9s. Si vous n\u2019acceptez pas les nouvelles conditions, vous n\u2019\u00eates plus autoris\u00e9 \u00e0 utiliser le Service.[\/vc_custom_heading][vc_empty_space empty_h=\u00a0\u00bb2&Prime;][vc_empty_space empty_h=\u00a0\u00bb3&Prime;][\/vc_column][vc_column width=\u00a0\u00bb1\/6&Prime;][\/vc_column][\/vc_row][vc_row unlock_row_content=\u00a0\u00bbyes\u00a0\u00bb row_height_percent=\u00a0\u00bb0&Prime; override_padding=\u00a0\u00bbyes\u00a0\u00bb h_padding=\u00a0\u00bb0&Prime; top_padding=\u00a0\u00bb3&Prime; bottom_padding=\u00a0\u00bb2&Prime; back_color=\u00a0\u00bbcolor-prif\u00a0\u00bb overlay_alpha=\u00a0\u00bb0&Prime; gutter_size=\u00a0\u00bb3&Prime; column_width_percent=\u00a0\u00bb100&Prime; shift_y=\u00a0\u00bb0&Prime; z_index=\u00a0\u00bb0&Prime; style=\u00a0\u00bbinherited\u00a0\u00bb][vc_column column_width_percent=\u00a0\u00bb100&Prime; position_vertical=\u00a0\u00bbmiddle\u00a0\u00bb align_horizontal=\u00a0\u00bbalign_center\u00a0\u00bb gutter_size=\u00a0\u00bb3&Prime; font_family=\u00a0\u00bbfont-762333&Prime; overlay_alpha=\u00a0\u00bb100&Prime; shift_x=\u00a0\u00bb0&Prime; shift_y=\u00a0\u00bb0&Prime; shift_y_down=\u00a0\u00bb0&Prime; z_index=\u00a0\u00bb0&Prime; medium_width=\u00a0\u00bb0&Prime; mobile_width=\u00a0\u00bb0&Prime; zoom_width=\u00a0\u00bb0&Prime; zoom_height=\u00a0\u00bb0&Prime; width=\u00a0\u00bb1\/6&Prime;][\/vc_column][vc_column column_width_percent=\u00a0\u00bb100&Prime; position_vertical=\u00a0\u00bbmiddle\u00a0\u00bb align_horizontal=\u00a0\u00bbalign_center\u00a0\u00bb gutter_size=\u00a0\u00bb3&Prime; style=\u00a0\u00bblight\u00a0\u00bb overlay_alpha=\u00a0\u00bb50&Prime; shift_x=\u00a0\u00bb0&Prime; shift_y=\u00a0\u00bb0&Prime; shift_y_down=\u00a0\u00bb0&Prime; z_index=\u00a0\u00bb0&Prime; medium_width=\u00a0\u00bb0&Prime; mobile_width=\u00a0\u00bb0&Prime; width=\u00a0\u00bb2\/3&Prime;][vc_custom_heading text_font=\u00a0\u00bbfont-762333&Prime; text_size=\u00a0\u00bbh6&Prime; text_weight=\u00a0\u00bb700&Prime; text_height=\u00a0\u00bbfontheight-357766&Prime; text_space=\u00a0\u00bbfontspace-210350&Prime; text_color=\u00a0\u00bbcolor-wvjs\u00a0\u00bb mobile_visibility=\u00a0\u00bbyes\u00a0\u00bb]BRANDS &amp; ORGANIZATIONS THAT TRUST ME INCLUDE:<\/p>\n<p>[\/vc_custom_heading][vc_gallery el_id=\u00a0\u00bbgallery-85457&Prime; type=\u00a0\u00bbcarousel\u00a0\u00bb medias=\u00a0\u00bb79911,80230,80229,80231,80233,80234,80236,80237,79907,80448&Prime; carousel_lg=\u00a0\u00bb4&Prime; carousel_md=\u00a0\u00bb4&Prime; carousel_sm=\u00a0\u00bb2&Prime; gutter_size=\u00a0\u00bb3&Prime; media_items=\u00a0\u00bbmedia|nolink|original,icon|md\u00a0\u00bb carousel_height=\u00a0\u00bbequal\u00a0\u00bb carousel_interval=\u00a0\u00bb3000&Prime; carousel_navspeed=\u00a0\u00bb400&Prime; carousel_loop=\u00a0\u00bbyes\u00a0\u00bb stage_padding=\u00a0\u00bb0&Prime; single_overlay_opacity=\u00a0\u00bb50&Prime; single_text_anim=\u00a0\u00bbno\u00a0\u00bb single_overlay_anim=\u00a0\u00bbno\u00a0\u00bb single_image_anim=\u00a0\u00bbno\u00a0\u00bb single_padding=\u00a0\u00bb2&Prime; single_border=\u00a0\u00bbyes\u00a0\u00bb single_css_animation=\u00a0\u00bbzoom-in\u00a0\u00bb][vc_gallery el_id=\u00a0\u00bbgallery-854574&Prime; type=\u00a0\u00bbcarousel\u00a0\u00bb medias=\u00a0\u00bb79913,80240,80242,80241,80244,80246,80245,79908,80447&Prime; carousel_lg=\u00a0\u00bb4&Prime; carousel_md=\u00a0\u00bb4&Prime; carousel_sm=\u00a0\u00bb2&Prime; gutter_size=\u00a0\u00bb3&Prime; media_items=\u00a0\u00bbmedia|nolink|original,icon|md\u00a0\u00bb carousel_height=\u00a0\u00bbequal\u00a0\u00bb carousel_interval=\u00a0\u00bb3000&Prime; carousel_navspeed=\u00a0\u00bb400&Prime; carousel_loop=\u00a0\u00bbyes\u00a0\u00bb stage_padding=\u00a0\u00bb0&Prime; single_overlay_opacity=\u00a0\u00bb50&Prime; single_text_anim=\u00a0\u00bbno\u00a0\u00bb single_overlay_anim=\u00a0\u00bbno\u00a0\u00bb single_image_anim=\u00a0\u00bbno\u00a0\u00bb single_padding=\u00a0\u00bb2&Prime; single_border=\u00a0\u00bbyes\u00a0\u00bb single_css_animation=\u00a0\u00bbzoom-in\u00a0\u00bb][\/vc_column][vc_column width=\u00a0\u00bb1\/6&Prime;][\/vc_column][\/vc_row][vc_row unlock_row_content=\u00a0\u00bbyes\u00a0\u00bb row_height_percent=\u00a0\u00bb5&Prime; override_padding=\u00a0\u00bbyes\u00a0\u00bb h_padding=\u00a0\u00bb0&Prime; top_padding=\u00a0\u00bb0&Prime; bottom_padding=\u00a0\u00bb0&Prime; overlay_alpha=\u00a0\u00bb50&Prime; gutter_size=\u00a0\u00bb3&Prime; column_width_percent=\u00a0\u00bb100&Prime; shift_y=\u00a0\u00bb0&Prime; z_index=\u00a0\u00bb0&Prime; row_height_pixel=\u00a0\u00bb5&Prime;][vc_column column_width_percent=\u00a0\u00bb100&Prime; position_horizontal=\u00a0\u00bbleft\u00a0\u00bb position_vertical=\u00a0\u00bbbottom\u00a0\u00bb gutter_size=\u00a0\u00bb0&Prime; override_padding=\u00a0\u00bbyes\u00a0\u00bb column_padding=\u00a0\u00bb1&Prime; style=\u00a0\u00bblight\u00a0\u00bb font_family=\u00a0\u00bbfont-762333&Prime; back_color=\u00a0\u00bbcolor-gyho\u00a0\u00bb overlay_alpha=\u00a0\u00bb50&Prime; shift_x=\u00a0\u00bb0&Prime; shift_y=\u00a0\u00bb0&Prime; shift_y_down=\u00a0\u00bb0&Prime; z_index=\u00a0\u00bb0&Prime; medium_width=\u00a0\u00bb0&Prime; mobile_width=\u00a0\u00bb0&Prime; width=\u00a0\u00bb1\/1&Prime;][vc_wp_custommenu nav_menu=\u00a0\u00bb159&Prime; nav_menu_horizontal=\u00a0\u00bb1&Prime;][\/vc_column][\/vc_row]<\/p>\n<\/div>","protected":false},"excerpt":{"rendered":"<p>[vc_row row_height_percent=\u00a0\u00bb0&Prime; back_color=\u00a0\u00bbcolor-xsdn\u00a0\u00bb overlay_alpha=\u00a0\u00bb50&Prime; gutter_size=\u00a0\u00bb3&Prime; column_width_percent=\u00a0\u00bb100&Prime; shift_y=\u00a0\u00bb0&Prime; z_index=\u00a0\u00bb0&Prime;][vc_column width=\u00a0\u00bb1\/6&Prime;][\/vc_column][vc_column width=\u00a0\u00bb4\/6&Prime;][vc_empty_space empty_h=\u00a0\u00bb2&Prime;][vc_custom_heading text_font=\u00a0\u00bbfont-762333&Prime; text_size=\u00a0\u00bbbigtext\u00a0\u00bb text_weight=\u00a0\u00bb900&Prime; text_transform=\u00a0\u00bbuppercase\u00a0\u00bb text_color=\u00a0\u00bbcolor-prif\u00a0\u00bb]Termes et Conditions[\/vc_custom_heading][vc_empty_space empty_h=\u00a0\u00bb2&Prime;][vc_custom_heading text_font=\u00a0\u00bbfont-762333&Prime; [&hellip;]<\/p>\n","protected":false},"author":4,"featured_media":0,"parent":0,"menu_order":0,"comment_status":"closed","ping_status":"closed","template":"","meta":{"_seopress_robots_primary_cat":"","_seopress_titles_title":"Termes et Conditions | Stephan Maighan","_seopress_titles_desc":"Ces conditions s\u2019appliquent \u00e0 tous les visiteurs, utilisateurs et autres personnes qui souhaitent acc\u00e9der au Service ou l\u2019utiliser. www.maighan.com","_seopress_robots_index":"","footnotes":""},"class_list":["post-82412","page","type-page","status-publish"],"_links":{"self":[{"href":"https:\/\/www.maighan.com\/fr\/wp-json\/wp\/v2\/pages\/82412","targetHints":{"allow":["GET"]}}],"collection":[{"href":"https:\/\/www.maighan.com\/fr\/wp-json\/wp\/v2\/pages"}],"about":[{"href":"https:\/\/www.maighan.com\/fr\/wp-json\/wp\/v2\/types\/page"}],"author":[{"embeddable":true,"href":"https:\/\/www.maighan.com\/fr\/wp-json\/wp\/v2\/users\/4"}],"replies":[{"embeddable":true,"href":"https:\/\/www.maighan.com\/fr\/wp-json\/wp\/v2\/comments?post=82412"}],"version-history":[{"count":2,"href":"https:\/\/www.maighan.com\/fr\/wp-json\/wp\/v2\/pages\/82412\/revisions"}],"predecessor-version":[{"id":82780,"href":"https:\/\/www.maighan.com\/fr\/wp-json\/wp\/v2\/pages\/82412\/revisions\/82780"}],"wp:attachment":[{"href":"https:\/\/www.maighan.com\/fr\/wp-json\/wp\/v2\/media?parent=82412"}],"curies":[{"name":"wp","href":"https:\/\/api.w.org\/{rel}","templated":true}]}}