{"id":82782,"date":"2020-03-21T11:50:43","date_gmt":"2020-03-21T15:50:43","guid":{"rendered":"https:\/\/www.maighan.com\/?page_id=82782"},"modified":"2022-04-27T16:32:33","modified_gmt":"2022-04-27T20:32:33","slug":"gouv-general","status":"publish","type":"page","link":"https:\/\/www.maighan.com\/fr\/gouv-general\/","title":{"rendered":"Gouverneur G\u00e9n\u00e9ral"},"content":{"rendered":"<div class=\"wpb-content-wrapper\"><p>[vc_row row_height_percent=\u00a0\u00bb0&Prime; back_color=\u00a0\u00bbcolor-xsdn\u00a0\u00bb overlay_alpha=\u00a0\u00bb50&Prime; gutter_size=\u00a0\u00bb3&Prime; column_width_percent=\u00a0\u00bb100&Prime; shift_y=\u00a0\u00bb0&Prime; z_index=\u00a0\u00bb0&Prime;][vc_column width=\u00a0\u00bb1\/6&Prime;][\/vc_column][vc_column width=\u00a0\u00bb4\/6&Prime;][vc_empty_space empty_h=\u00a0\u00bb2&Prime;][vc_custom_heading text_color=\u00a0\u00bbcolor-prif\u00a0\u00bb text_font=\u00a0\u00bbfont-762333&Prime; text_size=\u00a0\u00bbbigtext\u00a0\u00bb text_weight=\u00a0\u00bb900&Prime; text_transform=\u00a0\u00bbuppercase\u00a0\u00bb]M\u00c9DAILLE DU GOUVERNEUR G\u00c9N\u00c9RAL[\/vc_custom_heading][vc_empty_space empty_h=\u00a0\u00bb2&Prime;][vc_custom_heading text_color=\u00a0\u00bbcolor-prif\u00a0\u00bb text_font=\u00a0\u00bbfont-762333&Prime; text_size=\u00a0\u00bbh3&Prime; text_weight=\u00a0\u00bb900&Prime; text_transform=\u00a0\u00bbuppercase\u00a0\u00bb]Stephan Maighan: UN B\u00c9N\u00c9VOLE AU PARCOURS EXTRAORDINAIRE[\/vc_custom_heading][vc_custom_heading text_color=\u00a0\u00bbcolor-prif\u00a0\u00bb text_font=\u00a0\u00bbfont-762333&Prime; text_size=\u00a0\u00bbh5&Prime; text_weight=\u00a0\u00bb300&Prime; sub_lead=\u00a0\u00bbyes\u00a0\u00bb sub_reduced=\u00a0\u00bbyes\u00a0\u00bb]<em>\u201cStephan Maighan: un b\u00e9n\u00e9vole au parcours extraordinaire\u201d par ISABEL AUTHIER, Journal La Voix de l&rsquo;Est<\/em>[\/vc_custom_heading][vc_custom_heading text_color=\u00a0\u00bbcolor-prif\u00a0\u00bb text_font=\u00a0\u00bbfont-762333&Prime; text_size=\u00a0\u00bbh3&Prime; text_weight=\u00a0\u00bb900&Prime; text_transform=\u00a0\u00bbuppercase\u00a0\u00bb]6 OCTOBRE 2018[\/vc_custom_heading][vc_custom_heading text_color=\u00a0\u00bbcolor-prif\u00a0\u00bb text_font=\u00a0\u00bbfont-762333&Prime; text_size=\u00a0\u00bbh5&Prime; text_weight=\u00a0\u00bb300&Prime; sub_lead=\u00a0\u00bbyes\u00a0\u00bb sub_reduced=\u00a0\u00bbyes\u00a0\u00bb]\u00c9tabli \u00e0 Shefford depuis \u00ab sept ou huit ans \u00bb, l\u2019homme est le cofondateur de l\u2019entreprise Maighan Distribution, sp\u00e9cialis\u00e9e dans les produits pour b\u00e9b\u00e9s, enfants et le mieux-\u00eatre. Il a aussi fond\u00e9 la soci\u00e9t\u00e9 de formation-conseil pour cadres et entrepreneurs, Mentora. \u00c0 titre de conf\u00e9rencier motivateur, Stephan Maighan est r\u00e9guli\u00e8rement invit\u00e9 par de grandes soci\u00e9t\u00e9s et organismes gouvernementaux aux quatre coins de la plan\u00e8te. Il est \u00e9galement auteur du livre\u00a0<em>Devenez ma\u00eetre de votre vie<\/em>, et coauteur de l\u2019ouvrage\u00a0<em>Osez r\u00e9ussir<\/em>.<\/p>\n<p>&nbsp;<\/p>\n<p>\u00c0 entendre son parcours, on comprend qu\u2019il ne parle pas \u00e0 travers son chapeau.<\/p>\n<p>&nbsp;<\/p>\n<p>\u00c9lev\u00e9 seul par sa m\u00e8re \u00e0 Ville d\u2019Anjou, le petit Stephan n\u2019avait que 7 ans quand il l\u2019a vue faire un AVC \u00e0 ses c\u00f4t\u00e9s, dans leur voiture. Apr\u00e8s quelques semaines dans le coma, sa maman est revenue \u00e0 elle compl\u00e8tement paralys\u00e9e du c\u00f4t\u00e9 droit, aphasique et sans souvenir de son fils unique&#8230;<\/p>\n<p>&nbsp;<\/p>\n<p>Sans revenu, le duo a fait face \u00e0 de multiples d\u00e9fis et v\u00e9cu de l\u2019aide sociale, raconte M. Maighan. Encore tout jeune, il a alors d\u00e9couvert la puissance du b\u00e9n\u00e9volat. \u00ab Les b\u00e9n\u00e9voles ont jou\u00e9 un r\u00f4le primordial dans ma vie \u00bb, dit-il, en parlant de l\u2019appui que sa m\u00e8re \u2014 et lui, par ricochet \u2014 a re\u00e7u au sein d\u2019organismes pour personnes handicap\u00e9es, notamment.<\/p>\n<p>&nbsp;<\/p>\n<p>Apr\u00e8s avoir obtenu son dipl\u00f4me de secondaire 5 \u00ab de peine et de mis\u00e8re \u00bb, Stephan Maighan s\u2019est construit lui-m\u00eame, \u00e0 coup de volont\u00e9 et de r\u00e9silience. Et toujours m\u00fb par la m\u00eame attitude \u00ab z\u00e9ro excuse \u00bb transmise par sa m\u00e8re. Selon lui, ce n\u2019est pas ce qui nous arrive qui compte, c\u2019est ce qu\u2019on en fait.[\/vc_custom_heading][vc_custom_heading text_color=\u00a0\u00bbcolor-prif\u00a0\u00bb text_font=\u00a0\u00bbfont-762333&Prime; text_size=\u00a0\u00bbh3&Prime; text_weight=\u00a0\u00bb900&Prime; text_transform=\u00a0\u00bbuppercase\u00a0\u00bb]B\u00c9N\u00c9VOLE DE C\u0152UR[\/vc_custom_heading][vc_custom_heading text_color=\u00a0\u00bbcolor-prif\u00a0\u00bb text_font=\u00a0\u00bbfont-762333&Prime; text_size=\u00a0\u00bbh5&Prime; text_weight=\u00a0\u00bb300&Prime; sub_lead=\u00a0\u00bbyes\u00a0\u00bb sub_reduced=\u00a0\u00bbyes\u00a0\u00bb]Ce besoin de redonner au suivant lui vient donc sans effort. Depuis 2011, M. Maighan est porte-parole national de la Fondation des maladies du c\u0153ur et de l\u2019AVC du Canada. Il fait \u00e9galement partie du jury de l\u2019organisme Forces AVENIR, qui valorise l\u2019engagement \u00e9tudiant au Qu\u00e9bec.<\/p>\n<p>&nbsp;<\/p>\n<p>Rappelons que la M\u00e9daille du souverain est attribu\u00e9e \u00e0 quelques Canadiens, chaque ann\u00e9e, au nom de la Gouverneure g\u00e9n\u00e9rale Julie Payette, pour leur remarquable engagement b\u00e9n\u00e9vole dans la communaut\u00e9. Stephan Maighan l\u2019a re\u00e7u des mains du d\u00e9put\u00e9 f\u00e9d\u00e9ral de Shefford, Pierre Breton, et du maire de Shefford, \u00c9ric Chagnon.<\/p>\n<p>&nbsp;<\/p>\n<p>La candidature des r\u00e9cipiendaires doit d\u2019abord \u00eatre soumise par des pairs, puis examin\u00e9e par un comit\u00e9 consultatif. Stephan Maighan ne sait pas d\u2019o\u00f9 vient sa nomination. C\u2019est un appel du bureau de la Gouverneure g\u00e9n\u00e9rale, il y a un peu plus d\u2019un an, qui lui a appris la bonne nouvelle. C\u2019est lui qui a insist\u00e9 pour que la c\u00e9r\u00e9monie se fasse sans flafla \u00e0 l\u2019h\u00f4tel de ville de Shefford, plut\u00f4t qu\u2019\u00e0 Ottawa.<\/p>\n<p>&nbsp;<\/p>\n<p>Humble, il a soulign\u00e9 que cet honneur revenait \u00e0 tous les b\u00e9n\u00e9voles. Il a aussi eu une pens\u00e9e pour sa m\u00e8re, aujourd\u2019hui d\u00e9c\u00e9d\u00e9e. \u00ab Je l\u2019ai vue faire des heures de b\u00e9n\u00e9volat, sans aucune reconnaissance, mais toujours avec un grand sourire. \u00bb<\/p>\n<p>&nbsp;<\/p>\n<p>\u00ab Pour moi, c\u2019est naturel. Je suis devenue sa voix et je veux continuer. \u00bb<\/p>\n<p>&nbsp;<\/p>\n<p>Il a d\u2019ailleurs profit\u00e9 de cette petite c\u00e9r\u00e9monie pour lancer un appel senti \u00e0 la population. Si chacun ne consacrait qu\u2019une heure par mois \u2014 qui en compte plus de 700! \u2014 \u00e0 une activit\u00e9 b\u00e9n\u00e9vole, cela aurait un impact majeur sur la soci\u00e9t\u00e9.<\/p>\n<p>\u00ab Tout le monde peut le faire. B\u00e9n\u00e9voles, sachez que vous faites une vraie diff\u00e9rence \u00bb, a conclu l\u2019homme d\u2019affaires.[\/vc_custom_heading][vc_custom_heading text_color=\u00a0\u00bbcolor-prif\u00a0\u00bb text_font=\u00a0\u00bbfont-762333&Prime; text_size=\u00a0\u00bbh3&Prime; text_weight=\u00a0\u00bb900&Prime; text_transform=\u00a0\u00bbuppercase\u00a0\u00bb uncode_shortcode_id=\u00a0\u00bb194926&Prime; text_color_type=\u00a0\u00bbuncode-palette\u00a0\u00bb]LE GOUVERNEUR G\u00c9N\u00c9RAL DU CANADA[\/vc_custom_heading][vc_custom_heading text_color=\u00a0\u00bbcolor-prif\u00a0\u00bb text_font=\u00a0\u00bbfont-762333&Prime; text_size=\u00a0\u00bbh5&Prime; text_weight=\u00a0\u00bb300&Prime; sub_lead=\u00a0\u00bbyes\u00a0\u00bb sub_reduced=\u00a0\u00bbyes\u00a0\u00bb uncode_shortcode_id=\u00a0\u00bb696095&Prime; text_color_type=\u00a0\u00bbuncode-palette\u00a0\u00bb]Son Excellence le tr\u00e8s honorable David Johnston[\/vc_custom_heading][vc_button button_color=\u00a0\u00bbcolor-prif\u00a0\u00bb radius=\u00a0\u00bbbtn-circle\u00a0\u00bb outline=\u00a0\u00bbyes\u00a0\u00bb border_width=\u00a0\u00bb0&Prime; link=\u00a0\u00bburl:https%3A%2F%2Fwww.gg.ca%2Ffr%2Fdistinctions%2Frecipiendaires%2F342-78060|target:_blank\u00a0\u00bb button_color_type=\u00a0\u00bbuncode-palette\u00a0\u00bb uncode_shortcode_id=\u00a0\u00bb197764&Prime;]Visitez le site du Gouverneur[\/vc_button][\/vc_column][vc_column width=\u00a0\u00bb1\/6&Prime;][vc_empty_space empty_h=\u00a0\u00bb4&Prime;][vc_empty_space empty_h=\u00a0\u00bb3&Prime;][vc_single_image media=\u00a0\u00bb82612&Prime; media_lightbox=\u00a0\u00bbyes\u00a0\u00bb media_poster=\u00a0\u00bbyes\u00a0\u00bb media_width_percent=\u00a0\u00bb100&Prime; border=\u00a0\u00bbyes\u00a0\u00bb][vc_empty_space empty_h=\u00a0\u00bb1&Prime;][vc_single_image media=\u00a0\u00bb82616&Prime; media_lightbox=\u00a0\u00bbyes\u00a0\u00bb media_poster=\u00a0\u00bbyes\u00a0\u00bb media_width_percent=\u00a0\u00bb100&Prime; border=\u00a0\u00bbyes\u00a0\u00bb][vc_empty_space empty_h=\u00a0\u00bb1&Prime;][vc_single_image media=\u00a0\u00bb82633&Prime; media_lightbox=\u00a0\u00bbyes\u00a0\u00bb media_poster=\u00a0\u00bbyes\u00a0\u00bb media_width_percent=\u00a0\u00bb100&Prime; border=\u00a0\u00bbyes\u00a0\u00bb][vc_empty_space empty_h=\u00a0\u00bb1&Prime;][vc_gallery el_id=\u00a0\u00bbgallery-134926&Prime; type=\u00a0\u00bbcarousel\u00a0\u00bb medias=\u00a0\u00bb83663,83666,83672,83669&Prime; carousel_lg=\u00a0\u00bb1&Prime; carousel_md=\u00a0\u00bb1&Prime; carousel_sm=\u00a0\u00bb1&Prime; thumb_size=\u00a0\u00bbone-one\u00a0\u00bb gutter_size=\u00a0\u00bb1&Prime; carousel_height=\u00a0\u00bbequal\u00a0\u00bb carousel_interval=\u00a0\u00bb3000&Prime; carousel_navspeed=\u00a0\u00bb700&Prime; carousel_loop=\u00a0\u00bbyes\u00a0\u00bb carousel_nav_mobile=\u00a0\u00bbyes\u00a0\u00bb carousel_dots=\u00a0\u00bbyes\u00a0\u00bb carousel_dots_mobile=\u00a0\u00bbyes\u00a0\u00bb stage_padding=\u00a0\u00bb0&Prime; single_overlay_opacity=\u00a0\u00bb50&Prime; single_padding=\u00a0\u00bb2&Prime;][vc_empty_space empty_h=\u00a0\u00bb1&Prime;][\/vc_column][\/vc_row][vc_row unlock_row_content=\u00a0\u00bbyes\u00a0\u00bb row_height_percent=\u00a0\u00bb0&Prime; override_padding=\u00a0\u00bbyes\u00a0\u00bb h_padding=\u00a0\u00bb0&Prime; top_padding=\u00a0\u00bb3&Prime; bottom_padding=\u00a0\u00bb2&Prime; back_color=\u00a0\u00bbcolor-prif\u00a0\u00bb overlay_alpha=\u00a0\u00bb0&Prime; gutter_size=\u00a0\u00bb3&Prime; column_width_percent=\u00a0\u00bb100&Prime; shift_y=\u00a0\u00bb0&Prime; z_index=\u00a0\u00bb0&Prime; style=\u00a0\u00bbinherited\u00a0\u00bb][vc_column column_width_percent=\u00a0\u00bb100&Prime; position_vertical=\u00a0\u00bbmiddle\u00a0\u00bb align_horizontal=\u00a0\u00bbalign_center\u00a0\u00bb gutter_size=\u00a0\u00bb3&Prime; font_family=\u00a0\u00bbfont-762333&Prime; overlay_alpha=\u00a0\u00bb100&Prime; shift_x=\u00a0\u00bb0&Prime; shift_y=\u00a0\u00bb0&Prime; shift_y_down=\u00a0\u00bb0&Prime; z_index=\u00a0\u00bb0&Prime; medium_width=\u00a0\u00bb0&Prime; mobile_width=\u00a0\u00bb0&Prime; zoom_width=\u00a0\u00bb0&Prime; zoom_height=\u00a0\u00bb0&Prime; width=\u00a0\u00bb1\/6&Prime;][\/vc_column][vc_column column_width_percent=\u00a0\u00bb100&Prime; position_vertical=\u00a0\u00bbmiddle\u00a0\u00bb align_horizontal=\u00a0\u00bbalign_center\u00a0\u00bb gutter_size=\u00a0\u00bb3&Prime; style=\u00a0\u00bblight\u00a0\u00bb overlay_alpha=\u00a0\u00bb50&Prime; shift_x=\u00a0\u00bb0&Prime; shift_y=\u00a0\u00bb0&Prime; shift_y_down=\u00a0\u00bb0&Prime; z_index=\u00a0\u00bb0&Prime; medium_width=\u00a0\u00bb0&Prime; mobile_width=\u00a0\u00bb0&Prime; width=\u00a0\u00bb2\/3&Prime;][vc_custom_heading text_color=\u00a0\u00bbcolor-wvjs\u00a0\u00bb text_font=\u00a0\u00bbfont-762333&Prime; text_size=\u00a0\u00bbh6&Prime; text_weight=\u00a0\u00bb700&Prime; text_height=\u00a0\u00bbfontheight-357766&Prime; text_space=\u00a0\u00bbfontspace-210350&Prime; mobile_visibility=\u00a0\u00bbyes\u00a0\u00bb]CES COMPAGNIES ET AGENCES GOUVERNEMENTALES ENTRE AUTRES, ME FONT CONFIANCE :<\/p>\n<p>[\/vc_custom_heading][vc_gallery el_id=\u00a0\u00bbgallery-85457&Prime; type=\u00a0\u00bbcarousel\u00a0\u00bb medias=\u00a0\u00bb79911,80230,80229,80231,80233,80234,80236,80237,79907,80448&Prime; carousel_lg=\u00a0\u00bb4&Prime; carousel_md=\u00a0\u00bb4&Prime; carousel_sm=\u00a0\u00bb2&Prime; gutter_size=\u00a0\u00bb3&Prime; media_items=\u00a0\u00bbmedia|nolink|original,icon|md\u00a0\u00bb carousel_height=\u00a0\u00bbequal\u00a0\u00bb carousel_interval=\u00a0\u00bb3000&Prime; carousel_navspeed=\u00a0\u00bb400&Prime; carousel_loop=\u00a0\u00bbyes\u00a0\u00bb stage_padding=\u00a0\u00bb0&Prime; single_overlay_opacity=\u00a0\u00bb50&Prime; single_overlay_anim=\u00a0\u00bbno\u00a0\u00bb single_text_anim=\u00a0\u00bbno\u00a0\u00bb single_image_anim=\u00a0\u00bbno\u00a0\u00bb single_padding=\u00a0\u00bb2&Prime; single_border=\u00a0\u00bbyes\u00a0\u00bb single_css_animation=\u00a0\u00bbzoom-in\u00a0\u00bb][vc_gallery el_id=\u00a0\u00bbgallery-854574&Prime; type=\u00a0\u00bbcarousel\u00a0\u00bb medias=\u00a0\u00bb79913,80240,80242,80241,80244,80246,80245,79908,80447&Prime; carousel_lg=\u00a0\u00bb4&Prime; carousel_md=\u00a0\u00bb4&Prime; carousel_sm=\u00a0\u00bb2&Prime; gutter_size=\u00a0\u00bb3&Prime; media_items=\u00a0\u00bbmedia|nolink|original,icon|md\u00a0\u00bb carousel_height=\u00a0\u00bbequal\u00a0\u00bb carousel_interval=\u00a0\u00bb3000&Prime; carousel_navspeed=\u00a0\u00bb400&Prime; carousel_loop=\u00a0\u00bbyes\u00a0\u00bb stage_padding=\u00a0\u00bb0&Prime; single_overlay_opacity=\u00a0\u00bb50&Prime; single_overlay_anim=\u00a0\u00bbno\u00a0\u00bb single_text_anim=\u00a0\u00bbno\u00a0\u00bb single_image_anim=\u00a0\u00bbno\u00a0\u00bb single_padding=\u00a0\u00bb2&Prime; single_border=\u00a0\u00bbyes\u00a0\u00bb single_css_animation=\u00a0\u00bbzoom-in\u00a0\u00bb][\/vc_column][vc_column width=\u00a0\u00bb1\/6&Prime;][\/vc_column][\/vc_row][vc_row unlock_row_content=\u00a0\u00bbyes\u00a0\u00bb row_height_percent=\u00a0\u00bb5&Prime; override_padding=\u00a0\u00bbyes\u00a0\u00bb h_padding=\u00a0\u00bb0&Prime; top_padding=\u00a0\u00bb0&Prime; bottom_padding=\u00a0\u00bb0&Prime; overlay_alpha=\u00a0\u00bb50&Prime; gutter_size=\u00a0\u00bb3&Prime; column_width_percent=\u00a0\u00bb100&Prime; shift_y=\u00a0\u00bb0&Prime; z_index=\u00a0\u00bb0&Prime; row_height_pixel=\u00a0\u00bb5&Prime;][vc_column column_width_percent=\u00a0\u00bb100&Prime; position_horizontal=\u00a0\u00bbleft\u00a0\u00bb position_vertical=\u00a0\u00bbbottom\u00a0\u00bb gutter_size=\u00a0\u00bb0&Prime; override_padding=\u00a0\u00bbyes\u00a0\u00bb column_padding=\u00a0\u00bb1&Prime; style=\u00a0\u00bblight\u00a0\u00bb font_family=\u00a0\u00bbfont-762333&Prime; back_color=\u00a0\u00bbcolor-gyho\u00a0\u00bb overlay_alpha=\u00a0\u00bb50&Prime; shift_x=\u00a0\u00bb0&Prime; shift_y=\u00a0\u00bb0&Prime; shift_y_down=\u00a0\u00bb0&Prime; z_index=\u00a0\u00bb0&Prime; medium_width=\u00a0\u00bb0&Prime; align_mobile=\u00a0\u00bbalign_center_mobile\u00a0\u00bb mobile_width=\u00a0\u00bb0&Prime; width=\u00a0\u00bb1\/1&Prime;][vc_wp_custommenu nav_menu=\u00a0\u00bb159&Prime; nav_menu_horizontal=\u00a0\u00bb1&Prime;][\/vc_column][\/vc_row]<\/p>\n<\/div>","protected":false},"excerpt":{"rendered":"<p>[vc_row row_height_percent=\u00a0\u00bb0&Prime; back_color=\u00a0\u00bbcolor-xsdn\u00a0\u00bb overlay_alpha=\u00a0\u00bb50&Prime; gutter_size=\u00a0\u00bb3&Prime; column_width_percent=\u00a0\u00bb100&Prime; shift_y=\u00a0\u00bb0&Prime; z_index=\u00a0\u00bb0&Prime;][vc_column width=\u00a0\u00bb1\/6&Prime;][\/vc_column][vc_column width=\u00a0\u00bb4\/6&Prime;][vc_empty_space empty_h=\u00a0\u00bb2&Prime;][vc_custom_heading text_color=\u00a0\u00bbcolor-prif\u00a0\u00bb text_font=\u00a0\u00bbfont-762333&Prime; text_size=\u00a0\u00bbbigtext\u00a0\u00bb text_weight=\u00a0\u00bb900&Prime; text_transform=\u00a0\u00bbuppercase\u00a0\u00bb]M\u00c9DAILLE DU GOUVERNEUR G\u00c9N\u00c9RAL[\/vc_custom_heading][vc_empty_space empty_h=\u00a0\u00bb2&Prime;][vc_custom_heading [&hellip;]<\/p>\n","protected":false},"author":2,"featured_media":0,"parent":0,"menu_order":0,"comment_status":"closed","ping_status":"closed","template":"","meta":{"_seopress_robots_primary_cat":"","_seopress_titles_title":"Gouverneur G\u00e9n\u00e9ral | Stephan Maighan","_seopress_titles_desc":"M\u00e9daille du Gouverneur G\u00e9n\u00e9ral du Canada. Stephan Maighan : un conf\u00e9rencier et b\u00e9n\u00e9vole au parcours extraordinaire.","_seopress_robots_index":"","footnotes":""},"class_list":["post-82782","page","type-page","status-publish"],"_links":{"self":[{"href":"https:\/\/www.maighan.com\/fr\/wp-json\/wp\/v2\/pages\/82782","targetHints":{"allow":["GET"]}}],"collection":[{"href":"https:\/\/www.maighan.com\/fr\/wp-json\/wp\/v2\/pages"}],"about":[{"href":"https:\/\/www.maighan.com\/fr\/wp-json\/wp\/v2\/types\/page"}],"author":[{"embeddable":true,"href":"https:\/\/www.maighan.com\/fr\/wp-json\/wp\/v2\/users\/2"}],"replies":[{"embeddable":true,"href":"https:\/\/www.maighan.com\/fr\/wp-json\/wp\/v2\/comments?post=82782"}],"version-history":[{"count":7,"href":"https:\/\/www.maighan.com\/fr\/wp-json\/wp\/v2\/pages\/82782\/revisions"}],"predecessor-version":[{"id":84495,"href":"https:\/\/www.maighan.com\/fr\/wp-json\/wp\/v2\/pages\/82782\/revisions\/84495"}],"wp:attachment":[{"href":"https:\/\/www.maighan.com\/fr\/wp-json\/wp\/v2\/media?parent=82782"}],"curies":[{"name":"wp","href":"https:\/\/api.w.org\/{rel}","templated":true}]}}